{"id":787,"date":"2023-04-27T16:56:44","date_gmt":"2023-04-27T16:56:44","guid":{"rendered":"https:\/\/cidrus.mg.gov.br\/?page_id=787"},"modified":"2023-06-23T12:45:28","modified_gmt":"2023-06-23T12:45:28","slug":"institucional","status":"publish","type":"page","link":"https:\/\/projetos.plexustech.com.br\/cidrus\/institucional\/","title":{"rendered":"Institucional"},"content":{"rendered":"\t\t<div data-elementor-type=\"wp-page\" data-elementor-id=\"787\" class=\"elementor elementor-787\" data-elementor-post-type=\"page\">\n\t\t\t\t\t\t<section class=\"elementor-section elementor-top-section elementor-element elementor-element-26136f0 elementor-section-boxed elementor-section-height-default elementor-section-height-default\" data-id=\"26136f0\" data-element_type=\"section\" data-settings=\"{&quot;background_background&quot;:&quot;classic&quot;}\">\n\t\t\t\t\t\t\t<div class=\"elementor-background-overlay\"><\/div>\n\t\t\t\t\t\t\t<div class=\"elementor-container elementor-column-gap-default\">\n\t\t\t\t\t<div class=\"elementor-column elementor-col-100 elementor-top-column elementor-element elementor-element-3b8aba7\" data-id=\"3b8aba7\" data-element_type=\"column\">\n\t\t\t<div class=\"elementor-widget-wrap elementor-element-populated\">\n\t\t\t\t\t\t<div class=\"elementor-element elementor-element-fcead1c elementor-widget elementor-widget-heading\" data-id=\"fcead1c\" data-element_type=\"widget\" data-widget_type=\"heading.default\">\n\t\t\t\t<div class=\"elementor-widget-container\">\n\t\t\t\t\t<h2 class=\"elementor-heading-title elementor-size-default\">Institucional<\/h2>\t\t\t\t<\/div>\n\t\t\t\t<\/div>\n\t\t\t\t\t<\/div>\n\t\t<\/div>\n\t\t\t\t\t<\/div>\n\t\t<\/section>\n\t\t\t\t<section class=\"elementor-section elementor-top-section elementor-element elementor-element-a83d3a6 elementor-section-boxed elementor-section-height-default elementor-section-height-default\" data-id=\"a83d3a6\" data-element_type=\"section\">\n\t\t\t\t\t\t<div class=\"elementor-container elementor-column-gap-default\">\n\t\t\t\t\t<div class=\"elementor-column elementor-col-50 elementor-top-column elementor-element elementor-element-7a29c61\" data-id=\"7a29c61\" data-element_type=\"column\">\n\t\t\t<div class=\"elementor-widget-wrap elementor-element-populated\">\n\t\t\t\t\t\t<section class=\"elementor-section elementor-inner-section elementor-element elementor-element-1eb024e elementor-section-content-middle elementor-section-boxed elementor-section-height-default elementor-section-height-default\" data-id=\"1eb024e\" data-element_type=\"section\">\n\t\t\t\t\t\t<div class=\"elementor-container elementor-column-gap-default\">\n\t\t\t\t\t<div class=\"elementor-column elementor-col-50 elementor-inner-column elementor-element elementor-element-6f20d16\" data-id=\"6f20d16\" data-element_type=\"column\">\n\t\t\t<div class=\"elementor-widget-wrap elementor-element-populated\">\n\t\t\t\t\t\t<div class=\"elementor-element elementor-element-060206e elementor-view-default elementor-widget elementor-widget-icon\" data-id=\"060206e\" data-element_type=\"widget\" data-widget_type=\"icon.default\">\n\t\t\t\t<div class=\"elementor-widget-container\">\n\t\t\t\t\t\t\t<div class=\"elementor-icon-wrapper\">\n\t\t\t<div class=\"elementor-icon\">\n\t\t\t<svg aria-hidden=\"true\" class=\"e-font-icon-svg e-fas-leaf\" viewBox=\"0 0 576 512\" xmlns=\"http:\/\/www.w3.org\/2000\/svg\"><path d=\"M546.2 9.7c-5.6-12.5-21.6-13-28.3-1.2C486.9 62.4 431.4 96 368 96h-80C182 96 96 182 96 288c0 7 .8 13.7 1.5 20.5C161.3 262.8 253.4 224 384 224c8.8 0 16 7.2 16 16s-7.2 16-16 16C132.6 256 26 410.1 2.4 468c-6.6 16.3 1.2 34.9 17.5 41.6 16.4 6.8 35-1.1 41.8-17.3 1.5-3.6 20.9-47.9 71.9-90.6 32.4 43.9 94 85.8 174.9 77.2C465.5 467.5 576 326.7 576 154.3c0-50.2-10.8-102.2-29.8-144.6z\"><\/path><\/svg>\t\t\t<\/div>\n\t\t<\/div>\n\t\t\t\t\t\t<\/div>\n\t\t\t\t<\/div>\n\t\t\t\t\t<\/div>\n\t\t<\/div>\n\t\t\t\t<div class=\"elementor-column elementor-col-50 elementor-inner-column elementor-element elementor-element-874dbbd\" data-id=\"874dbbd\" data-element_type=\"column\">\n\t\t\t<div class=\"elementor-widget-wrap elementor-element-populated\">\n\t\t\t\t\t\t<div class=\"elementor-element elementor-element-e38734c elementor-widget elementor-widget-heading\" data-id=\"e38734c\" data-element_type=\"widget\" data-widget_type=\"heading.default\">\n\t\t\t\t<div class=\"elementor-widget-container\">\n\t\t\t\t\t<h2 class=\"elementor-heading-title elementor-size-default\">Sobre o Cidrus<\/h2>\t\t\t\t<\/div>\n\t\t\t\t<\/div>\n\t\t\t\t\t<\/div>\n\t\t<\/div>\n\t\t\t\t\t<\/div>\n\t\t<\/section>\n\t\t\t\t<div class=\"elementor-element elementor-element-cc4d1b5 elementor-widget elementor-widget-text-editor\" data-id=\"cc4d1b5\" data-element_type=\"widget\" data-widget_type=\"text-editor.default\">\n\t\t\t\t<div class=\"elementor-widget-container\">\n\t\t\t\t\t\t\t\t\t<p>O Cons\u00f3rcio Intermunicipal de Desenvolvimento Rural Sustent\u00e1vel &#8211; CIDRUS promove o desenvolvimento para os entes consorciados, atuando na gest\u00e3o e execu\u00e7\u00e3o de pol\u00edticas p\u00fablicas de servi\u00e7os e a\u00e7\u00f5es regionais.<\/p>\n<p>O CIDRUS, al\u00e9m de suprir as dificuldades, ajuda nas quest\u00f5es referentes \u00e0 legisla\u00e7\u00e3o e riscos \u00e0 agroind\u00fastria no \u00e2mbito municipal. Seguindo assim, normas e leis constitucionais destinadas \u00e0s cidades, para promover a sustentabilidade e a inova\u00e7\u00e3o.<\/p>\n<p>A sede do Cons\u00f3rcio fica na cidade de Candeias (MG), e tem como membros integrantes os munic\u00edpios: Aguanil, Ara\u00fajos, Bom Sucesso, Camacho, Candeias, Carmo da Mata, Carm\u00f3polis de Minas, C\u00f3rrego Fundo, Cristais,<span style=\"font-family: var( --e-global-typography-text-font-family ), Sans-serif; font-weight: var( --e-global-typography-text-font-weight ); font-size: 1rem;\">&nbsp;Desterro de Entre Rios, Formiga, Moema, Monsenhor Paulo, Passa Tempo, Pedra do Indai\u00e1, Perd\u00f5es, Piracema, Santo Ant\u00f4nio do Amparo e S\u00e3o Francisco de Paula.<\/span><\/p>\t\t\t\t\t\t\t\t<\/div>\n\t\t\t\t<\/div>\n\t\t\t\t\t<\/div>\n\t\t<\/div>\n\t\t\t\t<div class=\"elementor-column elementor-col-50 elementor-top-column elementor-element elementor-element-9256292\" data-id=\"9256292\" data-element_type=\"column\" data-settings=\"{&quot;background_background&quot;:&quot;classic&quot;}\">\n\t\t\t<div class=\"elementor-widget-wrap elementor-element-populated\">\n\t\t\t\t\t<div class=\"elementor-background-overlay\"><\/div>\n\t\t\t\t\t\t<section class=\"elementor-section elementor-inner-section elementor-element elementor-element-bacd908 elementor-section-boxed elementor-section-height-default elementor-section-height-default\" data-id=\"bacd908\" data-element_type=\"section\">\n\t\t\t\t\t\t<div class=\"elementor-container elementor-column-gap-default\">\n\t\t\t\t\t<div class=\"elementor-column elementor-col-100 elementor-inner-column elementor-element elementor-element-367e303\" data-id=\"367e303\" data-element_type=\"column\">\n\t\t\t<div class=\"elementor-widget-wrap elementor-element-populated\">\n\t\t\t\t\t\t<div class=\"elementor-element elementor-element-d994783 elementor-widget elementor-widget-image\" data-id=\"d994783\" data-element_type=\"widget\" data-widget_type=\"image.default\">\n\t\t\t\t<div class=\"elementor-widget-container\">\n\t\t\t\t\t\t\t\t\t\t\t\t\t\t\t<img fetchpriority=\"high\" decoding=\"async\" width=\"500\" height=\"334\" src=\"https:\/\/projetos.plexustech.com.br\/cidrus\/wp-content\/uploads\/2023\/03\/logo-branco.png\" class=\"attachment-large size-large wp-image-280\" alt=\"\" srcset=\"https:\/\/projetos.plexustech.com.br\/cidrus\/wp-content\/uploads\/2023\/03\/logo-branco.png 500w, https:\/\/projetos.plexustech.com.br\/cidrus\/wp-content\/uploads\/2023\/03\/logo-branco-300x200.png 300w\" sizes=\"(max-width: 500px) 100vw, 500px\" \/>\t\t\t\t\t\t\t\t\t\t\t\t\t\t\t<\/div>\n\t\t\t\t<\/div>\n\t\t\t\t<div class=\"elementor-element elementor-element-0b606fd elementor-widget elementor-widget-heading\" data-id=\"0b606fd\" data-element_type=\"widget\" data-widget_type=\"heading.default\">\n\t\t\t\t<div class=\"elementor-widget-container\">\n\t\t\t\t\t<h2 class=\"elementor-heading-title elementor-size-default\">CIDRUS<\/h2>\t\t\t\t<\/div>\n\t\t\t\t<\/div>\n\t\t\t\t\t<\/div>\n\t\t<\/div>\n\t\t\t\t\t<\/div>\n\t\t<\/section>\n\t\t\t\t\t<\/div>\n\t\t<\/div>\n\t\t\t\t\t<\/div>\n\t\t<\/section>\n\t\t\t\t<\/div>\n\t\t","protected":false},"excerpt":{"rendered":"<p>Sobre o Cidrus O Cons\u00f3rcio Intermunicipal de Desenvolvimento Rural Sustent\u00e1vel &#8211; CIDRUS promove o desenvolvimento para os entes consorciados, atuando na gest\u00e3o e execu\u00e7\u00e3o de pol\u00edticas p\u00fablicas de servi\u00e7os e a\u00e7\u00f5es regionais. O CIDRUS, al\u00e9m de suprir as dificuldades, ajuda nas quest\u00f5es referentes \u00e0 legisla\u00e7\u00e3o e riscos \u00e0 agroind\u00fastria no \u00e2mbito municipal. Seguindo assim, normas [&hellip;]<\/p>\n","protected":false},"author":1,"featured_media":0,"parent":0,"menu_order":0,"comment_status":"closed","ping_status":"closed","template":"","meta":{"footnotes":""},"class_list":["post-787","page","type-page","status-publish","hentry"],"_links":{"self":[{"href":"https:\/\/projetos.plexustech.com.br\/cidrus\/wp-json\/wp\/v2\/pages\/787","targetHints":{"allow":["GET"]}}],"collection":[{"href":"https:\/\/projetos.plexustech.com.br\/cidrus\/wp-json\/wp\/v2\/pages"}],"about":[{"href":"https:\/\/projetos.plexustech.com.br\/cidrus\/wp-json\/wp\/v2\/types\/page"}],"author":[{"embeddable":true,"href":"https:\/\/projetos.plexustech.com.br\/cidrus\/wp-json\/wp\/v2\/users\/1"}],"replies":[{"embeddable":true,"href":"https:\/\/projetos.plexustech.com.br\/cidrus\/wp-json\/wp\/v2\/comments?post=787"}],"version-history":[{"count":17,"href":"https:\/\/projetos.plexustech.com.br\/cidrus\/wp-json\/wp\/v2\/pages\/787\/revisions"}],"predecessor-version":[{"id":1143,"href":"https:\/\/projetos.plexustech.com.br\/cidrus\/wp-json\/wp\/v2\/pages\/787\/revisions\/1143"}],"wp:attachment":[{"href":"https:\/\/projetos.plexustech.com.br\/cidrus\/wp-json\/wp\/v2\/media?parent=787"}],"curies":[{"name":"wp","href":"https:\/\/api.w.org\/{rel}","templated":true}]}}